
{"id":103,"date":"2016-01-28T05:04:57","date_gmt":"2016-01-28T05:04:57","guid":{"rendered":"http:\/\/localhost\/wordpress\/?page_id=103"},"modified":"2016-03-03T07:53:53","modified_gmt":"2016-03-03T07:53:53","slug":"%e8%aa%bf%e6%9f%bb%e4%be%9d%e9%a0%bc","status":"publish","type":"page","link":"https:\/\/maimai-bali.com\/blog\/%e8%aa%bf%e6%9f%bb%e4%be%9d%e9%a0%bc\/","title":{"rendered":"\u8abf\u67fb\u4f9d\u983c"},"content":{"rendered":"<style>\n.inp{\nbackground:#E8EEF9;\nborder:1px solid #E8EEF9;\npadding:20px;<\/p>\n<p>}\n.inp:hover,.inp2:hover{\nbackground:#FFEAEA;<\/p>\n<p>}\n.inp2{\nbackground:none;\nborder:1px solid white;\npadding:20px;<\/p>\n<p>}<\/p>\n<\/style>\n<div style=\"width:100%; margin:0 auto; \">\n<form id=\"featured_upload\" class=\"form-upload\" action=\"https:\/\/maimai-bali.com\/blog\/user-request\" enctype=\"multipart\/form-data\" method=\"post\">\n<div class=\"form-group inp\"><span style=\"background:#ff8080; margin:5px; padding:5px;\">\u5fc5\u9808<\/span><label for=\"exampleInputname\"><b>\u30cb\u30c3\u30af\u30cd\u30fc\u30e0<\/b><\/label><br \/>\n<input style=\"margin-top:10px;\" id=\"exampleInputname\" class=\"form-control\" name=\"username\" required=\"\" type=\"text\" placeholder=\"\u4f8b\uff1a\u30d0\u30ea\u3063\u3053\" \/><\/div>\n<div class=\"form-group inp2\"><span style=\"background:#ff8080; margin:5px; padding:5px;\">\u5fc5\u9808<\/span><label for=\"exampleInputname\"><b>\u30e1\u30fc\u30eb\u30a2\u30c9\u30ec\u30b9<\/b><\/label><br \/>\n<input style=\"margin-top:10px;\" id=\"exampleInputname\" class=\"form-control\" name=\"email\" required=\"\" type=\"email\" placeholder=\"\u4f8b\uff1a\u00d7\u00d7\u00d7@\u00d7\u00d7\u00d7.com\" \/><\/div>\n<div class=\"form-group inp\"><span style=\"background:#ff8080; margin:5px; padding:5px;\">\u5fc5\u9808<\/span><label for=\"exampleInputdesc\"><b>\u304a\u554f\u3044\u5408\u308f\u305b\uff0f\u8abf\u67fb\u4f9d\u983c\u5185\u5bb9<\/b><\/label><br \/>\n<textarea style=\"margin-top:10px;\" id=\"exampleInputdesc\" class=\"form-control\" cols=\"30\" rows=\"10\" name=\"description\" wrap=\"hard\" placeholder=\"\u4f8b\uff1a\u30d0\u30ea\u5cf6\u3067\u30d7\u30ed\u30dd\u30fc\u30ba\u3059\u308b\u306a\u3089\u3069\u3053\u304c\u3044\u3044\uff1f\"><\/textarea><\/div>\n<p style=\"font-size:15px;\">\n\u8abf\u67fb\u4f9d\u983c\u3092\u6709\u96e3\u3046\u3054\u3056\u3044\u307e\u3059\u3002<br \/>\n\u5185\u5bb9\u3092\u78ba\u8a8d\u3055\u305b\u3066\u9802\u304d\u63b2\u8f09\u3092\u691c\u8a0e\u3055\u305b\u3066\u9802\u304d\u307e\u3059\u3002<br \/>\n\u5168\u3066\u306e\u3054\u4f9d\u983c\u306e\u8abf\u67fb\u3068\u63b2\u8f09\u3001\u307e\u305f\u3054\u4f9d\u983c\u306b\u5bfe\u3059\u308b\u8fd4\u4fe1\u3001\u63b2\u8f09\u307e\u305f\u306f\u4e0d\u63b2\u8f09\u306e\u3054\u9023\u7d61\u3001\u304c\u51fa\u6765\u304b\u306d\u307e\u3059\u3053\u3068\u3092\u3054\u4e86\u627f\u9802\u3051\u307e\u3059\u3088\u3046\u304a\u9858\u3044\u7533\u3057\u4e0a\u3052\u307e\u3059\u3002\n<\/p>\n<p><center><br \/>\n<button class=\"submitsubs\" style=\"width: 18%;\" type=\"submit\">\u9001\u4fe1<\/button><br \/>\n<\/center><br \/>\n<\/form>\n<div class=\"msgnotif\">\n<\/div>\n<\/div>\n","protected":false},"excerpt":{"rendered":"<p>\u5fc5\u9808\u30cb\u30c3\u30af\u30cd\u30fc\u30e0 \u5fc5\u9808\u30e1\u30fc\u30eb\u30a2\u30c9\u30ec\u30b9 \u5fc5\u9808\u304a\u554f\u3044\u5408\u308f\u305b\uff0f\u8abf\u67fb\u4f9d\u983c\u5185\u5bb9 \u8abf\u67fb\u4f9d\u983c\u3092\u6709\u96e3\u3046\u3054\u3056\u3044\u307e\u3059\u3002 \u5185\u5bb9\u3092\u78ba\u8a8d\u3055\u305b\u3066\u9802\u304d\u63b2\u8f09\u3092\u691c\u8a0e\u3055\u305b\u3066\u9802\u304d\u307e\u3059\u3002 \u5168\u3066\u306e\u3054\u4f9d\u983c\u306e\u8abf\u67fb\u3068\u63b2\u8f09\u3001\u307e\u305f\u3054\u4f9d\u983c\u306b\u5bfe\u3059\u308b\u8fd4\u4fe1\u3001\u63b2\u8f09\u307e\u305f\u306f\u4e0d\u63b2\u8f09\u306e\u3054\u9023 [&hellip;]<\/p>\n","protected":false},"author":6,"featured_media":0,"parent":0,"menu_order":0,"comment_status":"closed","ping_status":"closed","template":"","meta":{"_mi_skip_tracking":false,"jetpack_post_was_ever_published":false,"footnotes":""},"class_list":["post-103","page","type-page","status-publish","hentry"],"aioseo_notices":[],"_links":{"self":[{"href":"https:\/\/maimai-bali.com\/blog\/wp-json\/wp\/v2\/pages\/103","targetHints":{"allow":["GET"]}}],"collection":[{"href":"https:\/\/maimai-bali.com\/blog\/wp-json\/wp\/v2\/pages"}],"about":[{"href":"https:\/\/maimai-bali.com\/blog\/wp-json\/wp\/v2\/types\/page"}],"author":[{"embeddable":true,"href":"https:\/\/maimai-bali.com\/blog\/wp-json\/wp\/v2\/users\/6"}],"replies":[{"embeddable":true,"href":"https:\/\/maimai-bali.com\/blog\/wp-json\/wp\/v2\/comments?post=103"}],"version-history":[{"count":33,"href":"https:\/\/maimai-bali.com\/blog\/wp-json\/wp\/v2\/pages\/103\/revisions"}],"predecessor-version":[{"id":1184,"href":"https:\/\/maimai-bali.com\/blog\/wp-json\/wp\/v2\/pages\/103\/revisions\/1184"}],"wp:attachment":[{"href":"https:\/\/maimai-bali.com\/blog\/wp-json\/wp\/v2\/media?parent=103"}],"curies":[{"name":"wp","href":"https:\/\/api.w.org\/{rel}","templated":true}]}}